{"id":164,"date":"2020-09-10T11:46:04","date_gmt":"2020-09-10T11:46:04","guid":{"rendered":"https:\/\/oil4vap.fr\/?page_id=164"},"modified":"2020-11-03T09:54:09","modified_gmt":"2020-11-03T09:54:09","slug":"maceracion-rapida","status":"publish","type":"page","link":"https:\/\/oil4vap.fr\/?page_id=164","title":{"rendered":"MAC\u00c9RATION RAPIDE"},"content":{"rendered":"\t\t<div data-elementor-type=\"wp-page\" data-elementor-id=\"164\" class=\"elementor elementor-164\">\n\t\t\t\t\t\t<section class=\"elementor-section elementor-top-section elementor-element elementor-element-eadad58 elementor-section-boxed elementor-section-height-default elementor-section-height-default\" data-id=\"eadad58\" data-element_type=\"section\" data-e-type=\"section\">\n\t\t\t\t\t\t<div class=\"elementor-container elementor-column-gap-default\">\n\t\t\t\t\t<div class=\"elementor-column elementor-col-100 elementor-top-column elementor-element elementor-element-d12311c\" data-id=\"d12311c\" data-element_type=\"column\" data-e-type=\"column\">\n\t\t\t<div class=\"elementor-widget-wrap elementor-element-populated\">\n\t\t\t\t\t\t<div class=\"elementor-element elementor-element-e9bc9ba elementor-widget elementor-widget-heading\" data-id=\"e9bc9ba\" data-element_type=\"widget\" data-e-type=\"widget\" data-widget_type=\"heading.default\">\n\t\t\t\t<div class=\"elementor-widget-container\">\n\t\t\t\t\t<h2 class=\"elementor-heading-title elementor-size-default\">BASES DE MAC\u00c9RATION RAPIDE<\/h2>\t\t\t\t<\/div>\n\t\t\t\t<\/div>\n\t\t\t\t<div class=\"elementor-element elementor-element-91bb9f0 elementor-widget elementor-widget-spacer\" data-id=\"91bb9f0\" data-element_type=\"widget\" data-e-type=\"widget\" data-widget_type=\"spacer.default\">\n\t\t\t\t<div class=\"elementor-widget-container\">\n\t\t\t\t\t\t\t<div class=\"elementor-spacer\">\n\t\t\t<div class=\"elementor-spacer-inner\"><\/div>\n\t\t<\/div>\n\t\t\t\t\t\t<\/div>\n\t\t\t\t<\/div>\n\t\t\t\t\t<\/div>\n\t\t<\/div>\n\t\t\t\t\t<\/div>\n\t\t<\/section>\n\t\t\t\t<section class=\"elementor-section elementor-top-section elementor-element elementor-element-5dc3cc22 elementor-section-content-middle elementor-reverse-mobile elementor-section-boxed elementor-section-height-default elementor-section-height-default\" data-id=\"5dc3cc22\" data-element_type=\"section\" data-e-type=\"section\" data-settings=\"{&quot;background_background&quot;:&quot;classic&quot;}\">\n\t\t\t\t\t\t<div class=\"elementor-container elementor-column-gap-no\">\n\t\t\t\t\t<div class=\"elementor-column elementor-col-50 elementor-top-column elementor-element elementor-element-5c6b1bc8\" data-id=\"5c6b1bc8\" data-element_type=\"column\" data-e-type=\"column\">\n\t\t\t<div class=\"elementor-widget-wrap elementor-element-populated\">\n\t\t\t\t\t\t<div class=\"elementor-element elementor-element-6427956a elementor-widget elementor-widget-heading\" data-id=\"6427956a\" data-element_type=\"widget\" data-e-type=\"widget\" data-widget_type=\"heading.default\">\n\t\t\t\t<div class=\"elementor-widget-container\">\n\t\t\t\t\t<h3 class=\"elementor-heading-title elementor-size-default\">VOUS SEREZ SURPRIS ...<\/h3>\t\t\t\t<\/div>\n\t\t\t\t<\/div>\n\t\t\t\t<div class=\"elementor-element elementor-element-52c1219 elementor-widget elementor-widget-text-editor\" data-id=\"52c1219\" data-element_type=\"widget\" data-e-type=\"widget\" data-widget_type=\"text-editor.default\">\n\t\t\t\t<div class=\"elementor-widget-container\">\n\t\t\t\t\t\t\t\t\t<p>La solution d&#8217;attendre pour mac\u00e9rer vos ar\u00f4mes est arriv\u00e9e, nous vous proposons des bases de mac\u00e9ration rapide qui pr\u00e9pareront vos liquides en quelques secondes. Fabriqu\u00e9 avec les ingr\u00e9dients les plus purs du march\u00e9; Glyc\u00e9rine v\u00e9g\u00e9tale, Propanediol 1.3 extrait du ma\u00efs de qualit\u00e9 sup\u00e9rieure et adapt\u00e9 aux personnes allergiques au propyl\u00e8ne glycol, \u00e0 l&#8217;\u00e9thanol. Nous avons plusieurs mod\u00e8les et diff\u00e9rents pourcentages de base, ci-dessous nous expliquons un peu plus sur chacun d&#8217;eux.<\/p>\t\t\t\t\t\t\t\t<\/div>\n\t\t\t\t<\/div>\n\t\t\t\t\t<\/div>\n\t\t<\/div>\n\t\t\t\t<div class=\"elementor-column elementor-col-50 elementor-top-column elementor-element elementor-element-48cd9f2a\" data-id=\"48cd9f2a\" data-element_type=\"column\" data-e-type=\"column\">\n\t\t\t<div class=\"elementor-widget-wrap elementor-element-populated\">\n\t\t\t\t\t\t<div class=\"elementor-element elementor-element-44692361 elementor-widget elementor-widget-image\" data-id=\"44692361\" data-element_type=\"widget\" data-e-type=\"widget\" data-widget_type=\"image.default\">\n\t\t\t\t<div class=\"elementor-widget-container\">\n\t\t\t\t\t\t\t\t\t\t\t\t\t\t\t<img fetchpriority=\"high\" decoding=\"async\" width=\"939\" height=\"1015\" src=\"https:\/\/oil4vap.fr\/wp-content\/uploads\/2020\/09\/fast-litro-y-80ml-e1601023655597.jpg\" class=\"attachment-full size-full wp-image-823\" alt=\"\" srcset=\"https:\/\/oil4vap.fr\/wp-content\/uploads\/2020\/09\/fast-litro-y-80ml-e1601023655597.jpg 939w, https:\/\/oil4vap.fr\/wp-content\/uploads\/2020\/09\/fast-litro-y-80ml-e1601023655597-278x300.jpg 278w, https:\/\/oil4vap.fr\/wp-content\/uploads\/2020\/09\/fast-litro-y-80ml-e1601023655597-768x830.jpg 768w\" sizes=\"(max-width: 939px) 100vw, 939px\" \/>\t\t\t\t\t\t\t\t\t\t\t\t\t\t\t<\/div>\n\t\t\t\t<\/div>\n\t\t\t\t\t<\/div>\n\t\t<\/div>\n\t\t\t\t\t<\/div>\n\t\t<\/section>\n\t\t\t\t<section class=\"elementor-section elementor-top-section elementor-element elementor-element-6c71b317 elementor-section-content-middle elementor-section-boxed elementor-section-height-default elementor-section-height-default\" data-id=\"6c71b317\" data-element_type=\"section\" data-e-type=\"section\" data-settings=\"{&quot;background_background&quot;:&quot;classic&quot;}\">\n\t\t\t\t\t\t<div class=\"elementor-container elementor-column-gap-no\">\n\t\t\t\t\t<div class=\"elementor-column elementor-col-100 elementor-top-column elementor-element elementor-element-78b34e13\" data-id=\"78b34e13\" data-element_type=\"column\" data-e-type=\"column\">\n\t\t\t<div class=\"elementor-widget-wrap elementor-element-populated\">\n\t\t\t\t\t\t<div class=\"elementor-element elementor-element-1ae2cc4 elementor-widget elementor-widget-heading\" data-id=\"1ae2cc4\" data-element_type=\"widget\" data-e-type=\"widget\" data-widget_type=\"heading.default\">\n\t\t\t\t<div class=\"elementor-widget-container\">\n\t\t\t\t\t<h4 class=\"elementor-heading-title elementor-size-default\">DIFF\u00c9RENTS FORMATS<\/h4>\t\t\t\t<\/div>\n\t\t\t\t<\/div>\n\t\t\t\t<section class=\"elementor-section elementor-inner-section elementor-element elementor-element-4a157b48 elementor-section-content-middle elementor-section-boxed elementor-section-height-default elementor-section-height-default\" data-id=\"4a157b48\" data-element_type=\"section\" data-e-type=\"section\">\n\t\t\t\t\t\t<div class=\"elementor-container elementor-column-gap-no\">\n\t\t\t\t\t<div class=\"elementor-column elementor-col-50 elementor-inner-column elementor-element elementor-element-44695ec\" data-id=\"44695ec\" data-element_type=\"column\" data-e-type=\"column\">\n\t\t\t<div class=\"elementor-widget-wrap elementor-element-populated\">\n\t\t\t\t\t\t<div class=\"elementor-element elementor-element-310d4122 elementor-position-top elementor-widget elementor-widget-image-box\" data-id=\"310d4122\" data-element_type=\"widget\" data-e-type=\"widget\" data-widget_type=\"image-box.default\">\n\t\t\t\t<div class=\"elementor-widget-container\">\n\t\t\t\t\t<div class=\"elementor-image-box-wrapper\"><figure class=\"elementor-image-box-img\"><img decoding=\"async\" width=\"1080\" height=\"768\" src=\"https:\/\/oil4vap.fr\/wp-content\/uploads\/2020\/09\/118285945_2786410918302432_463949142672143396_n-1.jpg\" class=\"elementor-animation-grow attachment-full size-full wp-image-824\" alt=\"\" srcset=\"https:\/\/oil4vap.fr\/wp-content\/uploads\/2020\/09\/118285945_2786410918302432_463949142672143396_n-1.jpg 1080w, https:\/\/oil4vap.fr\/wp-content\/uploads\/2020\/09\/118285945_2786410918302432_463949142672143396_n-1-300x213.jpg 300w, https:\/\/oil4vap.fr\/wp-content\/uploads\/2020\/09\/118285945_2786410918302432_463949142672143396_n-1-1024x728.jpg 1024w, https:\/\/oil4vap.fr\/wp-content\/uploads\/2020\/09\/118285945_2786410918302432_463949142672143396_n-1-768x546.jpg 768w\" sizes=\"(max-width: 1080px) 100vw, 1080px\" \/><\/figure><div class=\"elementor-image-box-content\"><h3 class=\"elementor-image-box-title\">BASES DE MACERATION RAPIDE 1LITRE<\/h3><p class=\"elementor-image-box-description\">Format 1L pour ceux qui aiment l'alchimie et pr\u00e9f\u00e8rent un format d'\u00e9pargne, disponible sur:<br>-80VG\/20PDO 1.3<br>-70VG\/30PDO 1.3<br>-50VG\/50PDO 1.3<\/p><\/div><\/div>\t\t\t\t<\/div>\n\t\t\t\t<\/div>\n\t\t\t\t\t<\/div>\n\t\t<\/div>\n\t\t\t\t<div class=\"elementor-column elementor-col-50 elementor-inner-column elementor-element elementor-element-764aa95f\" data-id=\"764aa95f\" data-element_type=\"column\" data-e-type=\"column\">\n\t\t\t<div class=\"elementor-widget-wrap elementor-element-populated\">\n\t\t\t\t\t\t<div class=\"elementor-element elementor-element-6b23173a elementor-position-top elementor-widget elementor-widget-image-box\" data-id=\"6b23173a\" data-element_type=\"widget\" data-e-type=\"widget\" data-widget_type=\"image-box.default\">\n\t\t\t\t<div class=\"elementor-widget-container\">\n\t\t\t\t\t<div class=\"elementor-image-box-wrapper\"><figure class=\"elementor-image-box-img\"><img decoding=\"async\" width=\"920\" height=\"687\" src=\"https:\/\/oil4vap.fr\/wp-content\/uploads\/2020\/09\/70272543_147125043206855_945890181764168981_n-1-e1601023891704-1024x765.jpg\" class=\"elementor-animation-grow attachment-large size-large wp-image-827\" alt=\"\" srcset=\"https:\/\/oil4vap.fr\/wp-content\/uploads\/2020\/09\/70272543_147125043206855_945890181764168981_n-1-e1601023891704-1024x765.jpg 1024w, https:\/\/oil4vap.fr\/wp-content\/uploads\/2020\/09\/70272543_147125043206855_945890181764168981_n-1-e1601023891704-300x224.jpg 300w, https:\/\/oil4vap.fr\/wp-content\/uploads\/2020\/09\/70272543_147125043206855_945890181764168981_n-1-e1601023891704-768x574.jpg 768w, https:\/\/oil4vap.fr\/wp-content\/uploads\/2020\/09\/70272543_147125043206855_945890181764168981_n-1-e1601023891704-124x93.jpg 124w, https:\/\/oil4vap.fr\/wp-content\/uploads\/2020\/09\/70272543_147125043206855_945890181764168981_n-1-e1601023891704.jpg 1080w\" sizes=\"(max-width: 920px) 100vw, 920px\" \/><\/figure><div class=\"elementor-image-box-content\"><h3 class=\"elementor-image-box-title\">BASES DE MACERATION RAPIDE 80ML<\/h3><p class=\"elementor-image-box-description\">Format 80 ml qui rendra votre alchimie une \u00e9tape plus facile, juste compl\u00e8te avec ar\u00f4me et nikovaps, secouez et pr\u00eat \u00e0 vaper. Disponible sur:<br>-80VG\/20PDO 1.3<br>-70VG\/30PDO 1.3<br>50VG\/50PDO 1.3<\/p><\/div><\/div>\t\t\t\t<\/div>\n\t\t\t\t<\/div>\n\t\t\t\t\t<\/div>\n\t\t<\/div>\n\t\t\t\t\t<\/div>\n\t\t<\/section>\n\t\t\t\t<div class=\"elementor-element elementor-element-5196457a elementor-align-center elementor-button-warning elementor-widget elementor-widget-button\" data-id=\"5196457a\" data-element_type=\"widget\" data-e-type=\"widget\" data-widget_type=\"button.default\">\n\t\t\t\t<div class=\"elementor-widget-container\">\n\t\t\t\t\t\t\t\t\t<div class=\"elementor-button-wrapper\">\n\t\t\t\t\t<a class=\"elementor-button elementor-button-link elementor-size-xl elementor-animation-grow\" href=\"https:\/\/www.youtube.com\/watch?v=FmHGWK0wfd0\" target=\"_blank\">\n\t\t\t\t\t\t<span class=\"elementor-button-content-wrapper\">\n\t\t\t\t\t\t<span class=\"elementor-button-icon\">\n\t\t\t\t<i aria-hidden=\"true\" class=\"fas fa-video\"><\/i>\t\t\t<\/span>\n\t\t\t\t\t\t\t\t\t<span class=\"elementor-button-text\">VID\u00c9O DE R\u00c9TROACTION DE BASE RAPIDE<\/span>\n\t\t\t\t\t<\/span>\n\t\t\t\t\t<\/a>\n\t\t\t\t<\/div>\n\t\t\t\t\t\t\t\t<\/div>\n\t\t\t\t<\/div>\n\t\t\t\t\t<\/div>\n\t\t<\/div>\n\t\t\t\t\t<\/div>\n\t\t<\/section>\n\t\t\t\t<\/div>\n\t\t ","protected":false},"excerpt":{"rendered":"<p>BASES DE MAC\u00c9RATION RAPIDE VOUS SEREZ SURPRIS &#8230; La solution d&#8217;attendre pour mac\u00e9rer vos ar\u00f4mes est arriv\u00e9e, nous vous proposons des bases de mac\u00e9ration rapide qui pr\u00e9pareront vos liquides en<\/p>\n<p class=\"more-link\"><a href=\"https:\/\/oil4vap.fr\/?page_id=164\" class=\"readmore\">Seguir leyendo<svg class=\"icon icon-arrow-right\" aria-hidden=\"true\" role=\"img\"> <use href=\"#icon-arrow-right\" xlink:href=\"#icon-arrow-right\"><\/use> <\/svg><span class=\"screen-reader-text\">MAC\u00c9RATION RAPIDE<\/span><\/a><\/p>\n","protected":false},"author":1,"featured_media":0,"parent":42,"menu_order":0,"comment_status":"closed","ping_status":"closed","template":"elementor_header_footer","meta":{"footnotes":""},"class_list":["post-164","page","type-page","status-publish","hentry"],"_links":{"self":[{"href":"https:\/\/oil4vap.fr\/index.php?rest_route=\/wp\/v2\/pages\/164","targetHints":{"allow":["GET"]}}],"collection":[{"href":"https:\/\/oil4vap.fr\/index.php?rest_route=\/wp\/v2\/pages"}],"about":[{"href":"https:\/\/oil4vap.fr\/index.php?rest_route=\/wp\/v2\/types\/page"}],"author":[{"embeddable":true,"href":"https:\/\/oil4vap.fr\/index.php?rest_route=\/wp\/v2\/users\/1"}],"replies":[{"embeddable":true,"href":"https:\/\/oil4vap.fr\/index.php?rest_route=%2Fwp%2Fv2%2Fcomments&post=164"}],"version-history":[{"count":16,"href":"https:\/\/oil4vap.fr\/index.php?rest_route=\/wp\/v2\/pages\/164\/revisions"}],"predecessor-version":[{"id":1040,"href":"https:\/\/oil4vap.fr\/index.php?rest_route=\/wp\/v2\/pages\/164\/revisions\/1040"}],"up":[{"embeddable":true,"href":"https:\/\/oil4vap.fr\/index.php?rest_route=\/wp\/v2\/pages\/42"}],"wp:attachment":[{"href":"https:\/\/oil4vap.fr\/index.php?rest_route=%2Fwp%2Fv2%2Fmedia&parent=164"}],"curies":[{"name":"wp","href":"https:\/\/api.w.org\/{rel}","templated":true}]}}