{"id":600,"date":"2020-09-24T09:53:26","date_gmt":"2020-09-24T09:53:26","guid":{"rendered":"https:\/\/oil4vap.fr\/?page_id=600"},"modified":"2020-11-03T09:52:19","modified_gmt":"2020-11-03T09:52:19","slug":"galeria-easy4vap","status":"publish","type":"page","link":"https:\/\/oil4vap.fr\/?page_id=600","title":{"rendered":"GALERIE EASY4VAP"},"content":{"rendered":"\t\t<div data-elementor-type=\"wp-page\" data-elementor-id=\"600\" class=\"elementor elementor-600\">\n\t\t\t\t\t\t<section class=\"elementor-section elementor-top-section elementor-element elementor-element-8bbe51c elementor-section-boxed elementor-section-height-default elementor-section-height-default\" data-id=\"8bbe51c\" data-element_type=\"section\" data-e-type=\"section\">\n\t\t\t\t\t\t<div class=\"elementor-container elementor-column-gap-default\">\n\t\t\t\t\t<div class=\"elementor-column elementor-col-100 elementor-top-column elementor-element elementor-element-b7ad3e8\" data-id=\"b7ad3e8\" data-element_type=\"column\" data-e-type=\"column\">\n\t\t\t<div class=\"elementor-widget-wrap elementor-element-populated\">\n\t\t\t\t\t\t<div class=\"elementor-element elementor-element-fafc758 elementor-widget elementor-widget-heading\" data-id=\"fafc758\" data-element_type=\"widget\" data-e-type=\"widget\" data-widget_type=\"heading.default\">\n\t\t\t\t<div class=\"elementor-widget-container\">\n\t\t\t\t\t<h2 class=\"elementor-heading-title elementor-size-default\">EASY4VAP<\/h2>\t\t\t\t<\/div>\n\t\t\t\t<\/div>\n\t\t\t\t\t<\/div>\n\t\t<\/div>\n\t\t\t\t\t<\/div>\n\t\t<\/section>\n\t\t\t\t<section class=\"elementor-section elementor-top-section elementor-element elementor-element-ec13f43 elementor-section-boxed elementor-section-height-default elementor-section-height-default\" data-id=\"ec13f43\" data-element_type=\"section\" data-e-type=\"section\">\n\t\t\t\t\t\t<div class=\"elementor-container elementor-column-gap-default\">\n\t\t\t\t\t<div class=\"elementor-column elementor-col-100 elementor-top-column elementor-element elementor-element-6fa17fb\" data-id=\"6fa17fb\" data-element_type=\"column\" data-e-type=\"column\">\n\t\t\t<div class=\"elementor-widget-wrap elementor-element-populated\">\n\t\t\t\t\t\t<div class=\"elementor-element elementor-element-68c61fd elementor-widget elementor-widget-spacer\" data-id=\"68c61fd\" data-element_type=\"widget\" data-e-type=\"widget\" data-widget_type=\"spacer.default\">\n\t\t\t\t<div class=\"elementor-widget-container\">\n\t\t\t\t\t\t\t<div class=\"elementor-spacer\">\n\t\t\t<div class=\"elementor-spacer-inner\"><\/div>\n\t\t<\/div>\n\t\t\t\t\t\t<\/div>\n\t\t\t\t<\/div>\n\t\t\t\t\t<\/div>\n\t\t<\/div>\n\t\t\t\t\t<\/div>\n\t\t<\/section>\n\t\t\t\t<section class=\"elementor-section elementor-top-section elementor-element elementor-element-72c2975 elementor-section-full_width elementor-section-height-min-height elementor-section-items-stretch elementor-section-stretched elementor-section-height-default\" data-id=\"72c2975\" data-element_type=\"section\" data-e-type=\"section\" data-settings=\"{&quot;stretch_section&quot;:&quot;section-stretched&quot;}\">\n\t\t\t\t\t\t<div class=\"elementor-container elementor-column-gap-default\">\n\t\t\t\t\t<div class=\"elementor-column elementor-col-20 elementor-top-column elementor-element elementor-element-473afcd\" data-id=\"473afcd\" data-element_type=\"column\" data-e-type=\"column\">\n\t\t\t<div class=\"elementor-widget-wrap elementor-element-populated\">\n\t\t\t\t\t\t<div class=\"elementor-element elementor-element-aabd9c4 elementor-widget elementor-widget-heading\" data-id=\"aabd9c4\" data-element_type=\"widget\" data-e-type=\"widget\" data-widget_type=\"heading.default\">\n\t\t\t\t<div class=\"elementor-widget-container\">\n\t\t\t\t\t<h2 class=\"elementor-heading-title elementor-size-default\">TRIADAS<\/h2>\t\t\t\t<\/div>\n\t\t\t\t<\/div>\n\t\t\t\t<div class=\"elementor-element elementor-element-54dcd61 elementor-invisible elementor-widget elementor-widget-image\" data-id=\"54dcd61\" data-element_type=\"widget\" data-e-type=\"widget\" data-settings=\"{&quot;_animation&quot;:&quot;rollIn&quot;}\" data-widget_type=\"image.default\">\n\t\t\t\t<div class=\"elementor-widget-container\">\n\t\t\t\t\t\t\t\t\t\t\t\t\t\t\t\t<a href=\"https:\/\/oil4vap.fr\/wp-content\/uploads\/2020\/09\/TRIADAS.jpg\" data-elementor-open-lightbox=\"yes\" data-elementor-lightbox-title=\"TRIADAS\" data-e-action-hash=\"#elementor-action%3Aaction%3Dlightbox%26settings%3DeyJpZCI6NzQ2LCJ1cmwiOiJodHRwczpcL1wvb2lsNHZhcC5mclwvd3AtY29udGVudFwvdXBsb2Fkc1wvMjAyMFwvMDlcL1RSSUFEQVMuanBnIn0%3D\">\n\t\t\t\t\t\t\t<img fetchpriority=\"high\" decoding=\"async\" width=\"920\" height=\"920\" src=\"https:\/\/oil4vap.fr\/wp-content\/uploads\/2020\/09\/TRIADAS-1024x1024.jpg\" class=\"elementor-animation-pulse-grow attachment-large size-large wp-image-746\" alt=\"\" srcset=\"https:\/\/oil4vap.fr\/wp-content\/uploads\/2020\/09\/TRIADAS-1024x1024.jpg 1024w, https:\/\/oil4vap.fr\/wp-content\/uploads\/2020\/09\/TRIADAS-300x300.jpg 300w, https:\/\/oil4vap.fr\/wp-content\/uploads\/2020\/09\/TRIADAS-150x150.jpg 150w, https:\/\/oil4vap.fr\/wp-content\/uploads\/2020\/09\/TRIADAS-768x768.jpg 768w, https:\/\/oil4vap.fr\/wp-content\/uploads\/2020\/09\/TRIADAS-960x960.jpg 960w, https:\/\/oil4vap.fr\/wp-content\/uploads\/2020\/09\/TRIADAS-140x140.jpg 140w, https:\/\/oil4vap.fr\/wp-content\/uploads\/2020\/09\/TRIADAS-50x50.jpg 50w, https:\/\/oil4vap.fr\/wp-content\/uploads\/2020\/09\/TRIADAS-666x666.jpg 666w, https:\/\/oil4vap.fr\/wp-content\/uploads\/2020\/09\/TRIADAS-80x80.jpg 80w, https:\/\/oil4vap.fr\/wp-content\/uploads\/2020\/09\/TRIADAS.jpg 1080w\" sizes=\"(max-width: 920px) 100vw, 920px\" \/>\t\t\t\t\t\t\t\t<\/a>\n\t\t\t\t\t\t\t\t\t\t\t\t\t\t\t<\/div>\n\t\t\t\t<\/div>\n\t\t\t\t<div class=\"elementor-element elementor-element-b95a19f elementor-widget elementor-widget-heading\" data-id=\"b95a19f\" data-element_type=\"widget\" data-e-type=\"widget\" data-widget_type=\"heading.default\">\n\t\t\t\t<div class=\"elementor-widget-container\">\n\t\t\t\t\t<h2 class=\"elementor-heading-title elementor-size-default\">\nSi vous \u00eates amateur de boissons \u00e9nergisantes avec une touche diff\u00e9rente, c'est votre ar\u00f4me, un m\u00e9lange de liqueur aux herbes avec une boisson \u00e9nergisante et une touche de fra\u00eecheur qui vous laissera toujours envie de plus.<\/h2>\t\t\t\t<\/div>\n\t\t\t\t<\/div>\n\t\t\t\t\t<\/div>\n\t\t<\/div>\n\t\t\t\t<div class=\"elementor-column elementor-col-20 elementor-top-column elementor-element elementor-element-85ddc16\" data-id=\"85ddc16\" data-element_type=\"column\" data-e-type=\"column\">\n\t\t\t<div class=\"elementor-widget-wrap elementor-element-populated\">\n\t\t\t\t\t\t<div class=\"elementor-element elementor-element-c865137 elementor-widget elementor-widget-heading\" data-id=\"c865137\" data-element_type=\"widget\" data-e-type=\"widget\" data-widget_type=\"heading.default\">\n\t\t\t\t<div class=\"elementor-widget-container\">\n\t\t\t\t\t<h2 class=\"elementor-heading-title elementor-size-default\">SINALOA<\/h2>\t\t\t\t<\/div>\n\t\t\t\t<\/div>\n\t\t\t\t<div class=\"elementor-element elementor-element-4eab2ed elementor-invisible elementor-widget elementor-widget-image\" data-id=\"4eab2ed\" data-element_type=\"widget\" data-e-type=\"widget\" data-settings=\"{&quot;_animation&quot;:&quot;rollIn&quot;}\" data-widget_type=\"image.default\">\n\t\t\t\t<div class=\"elementor-widget-container\">\n\t\t\t\t\t\t\t\t\t\t\t\t\t\t\t\t<a href=\"https:\/\/oil4vap.fr\/wp-content\/uploads\/2020\/09\/SINALOA.jpg\" data-elementor-open-lightbox=\"yes\" data-elementor-lightbox-title=\"SINALOA\" data-e-action-hash=\"#elementor-action%3Aaction%3Dlightbox%26settings%3DeyJpZCI6NzQ1LCJ1cmwiOiJodHRwczpcL1wvb2lsNHZhcC5mclwvd3AtY29udGVudFwvdXBsb2Fkc1wvMjAyMFwvMDlcL1NJTkFMT0EuanBnIn0%3D\">\n\t\t\t\t\t\t\t<img decoding=\"async\" width=\"960\" height=\"960\" src=\"https:\/\/oil4vap.fr\/wp-content\/uploads\/2020\/09\/SINALOA-960x960.jpg\" class=\"elementor-animation-pulse-grow attachment-post-thumbnail size-post-thumbnail wp-image-745\" alt=\"\" srcset=\"https:\/\/oil4vap.fr\/wp-content\/uploads\/2020\/09\/SINALOA-960x960.jpg 960w, https:\/\/oil4vap.fr\/wp-content\/uploads\/2020\/09\/SINALOA-150x150.jpg 150w, https:\/\/oil4vap.fr\/wp-content\/uploads\/2020\/09\/SINALOA-140x140.jpg 140w, https:\/\/oil4vap.fr\/wp-content\/uploads\/2020\/09\/SINALOA-50x50.jpg 50w, https:\/\/oil4vap.fr\/wp-content\/uploads\/2020\/09\/SINALOA-666x666.jpg 666w, https:\/\/oil4vap.fr\/wp-content\/uploads\/2020\/09\/SINALOA-80x80.jpg 80w\" sizes=\"(max-width: 960px) 100vw, 960px\" \/>\t\t\t\t\t\t\t\t<\/a>\n\t\t\t\t\t\t\t\t\t\t\t\t\t\t\t<\/div>\n\t\t\t\t<\/div>\n\t\t\t\t<div class=\"elementor-element elementor-element-5378214 elementor-widget elementor-widget-heading\" data-id=\"5378214\" data-element_type=\"widget\" data-e-type=\"widget\" data-widget_type=\"heading.default\">\n\t\t\t\t<div class=\"elementor-widget-container\">\n\t\t\t\t\t<h2 class=\"elementor-heading-title elementor-size-default\">Nous vous pr\u00e9sentons un candidat ferme pour \u00eatre dans vos atomiseurs, si vous aimez les arbres fruitiers tr\u00e8s froids, bien s\u00fbr.\n\nSinaloa g\u00e8lera votre sang. Et c'est que cette combinaison d\u00e9licate et complexe de diff\u00e9rents types de baies et de fruits rouges, est extr\u00eamement\n\nfroid, ne convient qu'aux plus courageux, qui sont capables d'avoir le sang froid pour le vaper.<\/h2>\t\t\t\t<\/div>\n\t\t\t\t<\/div>\n\t\t\t\t\t<\/div>\n\t\t<\/div>\n\t\t\t\t<div class=\"elementor-column elementor-col-20 elementor-top-column elementor-element elementor-element-60b2c34\" data-id=\"60b2c34\" data-element_type=\"column\" data-e-type=\"column\">\n\t\t\t<div class=\"elementor-widget-wrap elementor-element-populated\">\n\t\t\t\t\t\t<div class=\"elementor-element elementor-element-3b0610b elementor-widget elementor-widget-heading\" data-id=\"3b0610b\" data-element_type=\"widget\" data-e-type=\"widget\" data-widget_type=\"heading.default\">\n\t\t\t\t<div class=\"elementor-widget-container\">\n\t\t\t\t\t<h2 class=\"elementor-heading-title elementor-size-default\">CAMORRA<\/h2>\t\t\t\t<\/div>\n\t\t\t\t<\/div>\n\t\t\t\t<div class=\"elementor-element elementor-element-346f1c5 elementor-invisible elementor-widget elementor-widget-image\" data-id=\"346f1c5\" data-element_type=\"widget\" data-e-type=\"widget\" data-settings=\"{&quot;_animation&quot;:&quot;rollIn&quot;}\" data-widget_type=\"image.default\">\n\t\t\t\t<div class=\"elementor-widget-container\">\n\t\t\t\t\t\t\t\t\t\t\t\t\t\t\t\t<a href=\"https:\/\/oil4vap.fr\/wp-content\/uploads\/2020\/09\/camorra-vaperskulls.jpg\" data-elementor-open-lightbox=\"yes\" data-elementor-lightbox-title=\"camorra vaperskulls\" data-e-action-hash=\"#elementor-action%3Aaction%3Dlightbox%26settings%3DeyJpZCI6NzQxLCJ1cmwiOiJodHRwczpcL1wvb2lsNHZhcC5mclwvd3AtY29udGVudFwvdXBsb2Fkc1wvMjAyMFwvMDlcL2NhbW9ycmEtdmFwZXJza3VsbHMuanBnIn0%3D\">\n\t\t\t\t\t\t\t<img decoding=\"async\" width=\"920\" height=\"920\" src=\"https:\/\/oil4vap.fr\/wp-content\/uploads\/2020\/09\/camorra-vaperskulls-1024x1024.jpg\" class=\"elementor-animation-pulse-grow attachment-large size-large wp-image-741\" alt=\"\" srcset=\"https:\/\/oil4vap.fr\/wp-content\/uploads\/2020\/09\/camorra-vaperskulls-1024x1024.jpg 1024w, https:\/\/oil4vap.fr\/wp-content\/uploads\/2020\/09\/camorra-vaperskulls-300x300.jpg 300w, https:\/\/oil4vap.fr\/wp-content\/uploads\/2020\/09\/camorra-vaperskulls-150x150.jpg 150w, https:\/\/oil4vap.fr\/wp-content\/uploads\/2020\/09\/camorra-vaperskulls-768x768.jpg 768w, https:\/\/oil4vap.fr\/wp-content\/uploads\/2020\/09\/camorra-vaperskulls-960x960.jpg 960w, https:\/\/oil4vap.fr\/wp-content\/uploads\/2020\/09\/camorra-vaperskulls-140x140.jpg 140w, https:\/\/oil4vap.fr\/wp-content\/uploads\/2020\/09\/camorra-vaperskulls-50x50.jpg 50w, https:\/\/oil4vap.fr\/wp-content\/uploads\/2020\/09\/camorra-vaperskulls-666x666.jpg 666w, https:\/\/oil4vap.fr\/wp-content\/uploads\/2020\/09\/camorra-vaperskulls-80x80.jpg 80w, https:\/\/oil4vap.fr\/wp-content\/uploads\/2020\/09\/camorra-vaperskulls.jpg 1080w\" sizes=\"(max-width: 920px) 100vw, 920px\" \/>\t\t\t\t\t\t\t\t<\/a>\n\t\t\t\t\t\t\t\t\t\t\t\t\t\t\t<\/div>\n\t\t\t\t<\/div>\n\t\t\t\t<div class=\"elementor-element elementor-element-dc2a966 elementor-widget elementor-widget-heading\" data-id=\"dc2a966\" data-element_type=\"widget\" data-e-type=\"widget\" data-widget_type=\"heading.default\">\n\t\t\t\t<div class=\"elementor-widget-container\">\n\t\t\t\t\t<h2 class=\"elementor-heading-title elementor-size-default\">D\u00e9licieuse combinaison de myrtilles et de diff\u00e9rentes pommes rouges et vertes, et la touche incroyable d'un ingr\u00e9dient secret, saurez-vous deviner? tout cela combin\u00e9 avec une douce touche de fra\u00eecheur qui fait la combinaison parfaite pour votre atomiseur.<\/h2>\t\t\t\t<\/div>\n\t\t\t\t<\/div>\n\t\t\t\t\t<\/div>\n\t\t<\/div>\n\t\t\t\t<div class=\"elementor-column elementor-col-20 elementor-top-column elementor-element elementor-element-2fde659\" data-id=\"2fde659\" data-element_type=\"column\" data-e-type=\"column\">\n\t\t\t<div class=\"elementor-widget-wrap elementor-element-populated\">\n\t\t\t\t\t\t<div class=\"elementor-element elementor-element-4a42e57 elementor-widget elementor-widget-heading\" data-id=\"4a42e57\" data-element_type=\"widget\" data-e-type=\"widget\" data-widget_type=\"heading.default\">\n\t\t\t\t<div class=\"elementor-widget-container\">\n\t\t\t\t\t<h2 class=\"elementor-heading-title elementor-size-default\">BRATVA<\/h2>\t\t\t\t<\/div>\n\t\t\t\t<\/div>\n\t\t\t\t<div class=\"elementor-element elementor-element-0c560ae elementor-invisible elementor-widget elementor-widget-image\" data-id=\"0c560ae\" data-element_type=\"widget\" data-e-type=\"widget\" data-settings=\"{&quot;_animation&quot;:&quot;rollIn&quot;}\" data-widget_type=\"image.default\">\n\t\t\t\t<div class=\"elementor-widget-container\">\n\t\t\t\t\t\t\t\t\t\t\t\t\t\t\t\t<a href=\"https:\/\/oil4vap.fr\/wp-content\/uploads\/2020\/09\/BRATVA.jpg\" data-elementor-open-lightbox=\"yes\" data-elementor-lightbox-title=\"BRATVA\" data-e-action-hash=\"#elementor-action%3Aaction%3Dlightbox%26settings%3DeyJpZCI6NzQwLCJ1cmwiOiJodHRwczpcL1wvb2lsNHZhcC5mclwvd3AtY29udGVudFwvdXBsb2Fkc1wvMjAyMFwvMDlcL0JSQVRWQS5qcGcifQ%3D%3D\">\n\t\t\t\t\t\t\t<img loading=\"lazy\" decoding=\"async\" width=\"693\" height=\"693\" src=\"https:\/\/oil4vap.fr\/wp-content\/uploads\/2020\/09\/BRATVA.jpg\" class=\"elementor-animation-pulse-grow attachment-large size-large wp-image-740\" alt=\"\" srcset=\"https:\/\/oil4vap.fr\/wp-content\/uploads\/2020\/09\/BRATVA.jpg 693w, https:\/\/oil4vap.fr\/wp-content\/uploads\/2020\/09\/BRATVA-300x300.jpg 300w, https:\/\/oil4vap.fr\/wp-content\/uploads\/2020\/09\/BRATVA-150x150.jpg 150w, https:\/\/oil4vap.fr\/wp-content\/uploads\/2020\/09\/BRATVA-140x140.jpg 140w, https:\/\/oil4vap.fr\/wp-content\/uploads\/2020\/09\/BRATVA-50x50.jpg 50w, https:\/\/oil4vap.fr\/wp-content\/uploads\/2020\/09\/BRATVA-666x666.jpg 666w, https:\/\/oil4vap.fr\/wp-content\/uploads\/2020\/09\/BRATVA-80x80.jpg 80w\" sizes=\"(max-width: 693px) 100vw, 693px\" \/>\t\t\t\t\t\t\t\t<\/a>\n\t\t\t\t\t\t\t\t\t\t\t\t\t\t\t<\/div>\n\t\t\t\t<\/div>\n\t\t\t\t<div class=\"elementor-element elementor-element-f307d8f elementor-widget elementor-widget-heading\" data-id=\"f307d8f\" data-element_type=\"widget\" data-e-type=\"widget\" data-widget_type=\"heading.default\">\n\t\t\t\t<div class=\"elementor-widget-container\">\n\t\t\t\t\t<h2 class=\"elementor-heading-title elementor-size-default\">\nCet ar\u00f4me est une combinaison de la meilleure s\u00e9lection d'ar\u00f4mes de m\u00fbre et de fruits sauvages, cr\u00e9ant un souvenir et vous ramenant \u00e0 votre plus jeune enfance. Mais attention ..... la mafia est apr\u00e8s lui !!!<\/h2>\t\t\t\t<\/div>\n\t\t\t\t<\/div>\n\t\t\t\t\t<\/div>\n\t\t<\/div>\n\t\t\t\t<div class=\"elementor-column elementor-col-20 elementor-top-column elementor-element elementor-element-75afdc7\" data-id=\"75afdc7\" data-element_type=\"column\" data-e-type=\"column\">\n\t\t\t<div class=\"elementor-widget-wrap elementor-element-populated\">\n\t\t\t\t\t\t<div class=\"elementor-element elementor-element-5124fc4 elementor-widget elementor-widget-heading\" data-id=\"5124fc4\" data-element_type=\"widget\" data-e-type=\"widget\" data-widget_type=\"heading.default\">\n\t\t\t\t<div class=\"elementor-widget-container\">\n\t\t\t\t\t<h2 class=\"elementor-heading-title elementor-size-default\">YAKUZA<\/h2>\t\t\t\t<\/div>\n\t\t\t\t<\/div>\n\t\t\t\t<div class=\"elementor-element elementor-element-4a910ce elementor-invisible elementor-widget elementor-widget-image\" data-id=\"4a910ce\" data-element_type=\"widget\" data-e-type=\"widget\" data-settings=\"{&quot;_animation&quot;:&quot;rollIn&quot;}\" data-widget_type=\"image.default\">\n\t\t\t\t<div class=\"elementor-widget-container\">\n\t\t\t\t\t\t\t\t\t\t\t\t\t\t\t\t<a href=\"https:\/\/oil4vap.fr\/wp-content\/uploads\/2020\/09\/73521718_199029457801338_4420396522132594450_n.jpg\" data-elementor-open-lightbox=\"yes\" data-elementor-lightbox-title=\"73521718_199029457801338_4420396522132594450_n\" data-e-action-hash=\"#elementor-action%3Aaction%3Dlightbox%26settings%3DeyJpZCI6NzU1LCJ1cmwiOiJodHRwczpcL1wvb2lsNHZhcC5mclwvd3AtY29udGVudFwvdXBsb2Fkc1wvMjAyMFwvMDlcLzczNTIxNzE4XzE5OTAyOTQ1NzgwMTMzOF80NDIwMzk2NTIyMTMyNTk0NDUwX24uanBnIn0%3D\">\n\t\t\t\t\t\t\t<img loading=\"lazy\" decoding=\"async\" width=\"920\" height=\"920\" src=\"https:\/\/oil4vap.fr\/wp-content\/uploads\/2020\/09\/73521718_199029457801338_4420396522132594450_n-1024x1024.jpg\" class=\"elementor-animation-pulse-grow attachment-large size-large wp-image-755\" alt=\"\" srcset=\"https:\/\/oil4vap.fr\/wp-content\/uploads\/2020\/09\/73521718_199029457801338_4420396522132594450_n-1024x1024.jpg 1024w, https:\/\/oil4vap.fr\/wp-content\/uploads\/2020\/09\/73521718_199029457801338_4420396522132594450_n-300x300.jpg 300w, https:\/\/oil4vap.fr\/wp-content\/uploads\/2020\/09\/73521718_199029457801338_4420396522132594450_n-150x150.jpg 150w, https:\/\/oil4vap.fr\/wp-content\/uploads\/2020\/09\/73521718_199029457801338_4420396522132594450_n-768x768.jpg 768w, https:\/\/oil4vap.fr\/wp-content\/uploads\/2020\/09\/73521718_199029457801338_4420396522132594450_n-960x960.jpg 960w, https:\/\/oil4vap.fr\/wp-content\/uploads\/2020\/09\/73521718_199029457801338_4420396522132594450_n-140x140.jpg 140w, https:\/\/oil4vap.fr\/wp-content\/uploads\/2020\/09\/73521718_199029457801338_4420396522132594450_n-50x50.jpg 50w, https:\/\/oil4vap.fr\/wp-content\/uploads\/2020\/09\/73521718_199029457801338_4420396522132594450_n-666x666.jpg 666w, https:\/\/oil4vap.fr\/wp-content\/uploads\/2020\/09\/73521718_199029457801338_4420396522132594450_n-80x80.jpg 80w, https:\/\/oil4vap.fr\/wp-content\/uploads\/2020\/09\/73521718_199029457801338_4420396522132594450_n.jpg 1080w\" sizes=\"(max-width: 920px) 100vw, 920px\" \/>\t\t\t\t\t\t\t\t<\/a>\n\t\t\t\t\t\t\t\t\t\t\t\t\t\t\t<\/div>\n\t\t\t\t<\/div>\n\t\t\t\t<div class=\"elementor-element elementor-element-2b105e0 elementor-widget elementor-widget-heading\" data-id=\"2b105e0\" data-element_type=\"widget\" data-e-type=\"widget\" data-widget_type=\"heading.default\">\n\t\t\t\t<div class=\"elementor-widget-container\">\n\t\t\t\t\t<h2 class=\"elementor-heading-title elementor-size-default\">Nous vous pr\u00e9sentons un candidat ferme pour \u00eatre dans vos atomiseurs, si vous aimez les arbres fruitiers froids, bien s\u00fbr.\n\nYakuza apporte de sa main une combinaison juteuse, douce et \u00e9quilibr\u00e9e de mangue m\u00fbre et de mandarine.<\/h2>\t\t\t\t<\/div>\n\t\t\t\t<\/div>\n\t\t\t\t\t<\/div>\n\t\t<\/div>\n\t\t\t\t\t<\/div>\n\t\t<\/section>\n\t\t\t\t<section class=\"elementor-section elementor-top-section elementor-element elementor-element-c57f941 elementor-section-boxed elementor-section-height-default elementor-section-height-default\" data-id=\"c57f941\" data-element_type=\"section\" data-e-type=\"section\">\n\t\t\t\t\t\t<div class=\"elementor-container elementor-column-gap-default\">\n\t\t\t\t\t<div class=\"elementor-column elementor-col-100 elementor-top-column elementor-element elementor-element-b28efd9\" data-id=\"b28efd9\" data-element_type=\"column\" data-e-type=\"column\">\n\t\t\t<div class=\"elementor-widget-wrap elementor-element-populated\">\n\t\t\t\t\t\t<div class=\"elementor-element elementor-element-15b262c elementor-widget elementor-widget-spacer\" data-id=\"15b262c\" data-element_type=\"widget\" data-e-type=\"widget\" data-widget_type=\"spacer.default\">\n\t\t\t\t<div class=\"elementor-widget-container\">\n\t\t\t\t\t\t\t<div class=\"elementor-spacer\">\n\t\t\t<div class=\"elementor-spacer-inner\"><\/div>\n\t\t<\/div>\n\t\t\t\t\t\t<\/div>\n\t\t\t\t<\/div>\n\t\t\t\t\t<\/div>\n\t\t<\/div>\n\t\t\t\t\t<\/div>\n\t\t<\/section>\n\t\t\t\t<section class=\"elementor-section elementor-top-section elementor-element elementor-element-c2c7723 elementor-section-boxed elementor-section-height-default elementor-section-height-default\" data-id=\"c2c7723\" data-element_type=\"section\" data-e-type=\"section\">\n\t\t\t\t\t\t<div class=\"elementor-container elementor-column-gap-default\">\n\t\t\t\t\t<div class=\"elementor-column elementor-col-100 elementor-top-column elementor-element elementor-element-984a50e\" data-id=\"984a50e\" data-element_type=\"column\" data-e-type=\"column\">\n\t\t\t<div class=\"elementor-widget-wrap elementor-element-populated\">\n\t\t\t\t\t\t<div class=\"elementor-element elementor-element-2eaa38e elementor-arrows-position-inside elementor-pagination-position-outside elementor-widget elementor-widget-image-carousel\" data-id=\"2eaa38e\" data-element_type=\"widget\" data-e-type=\"widget\" data-settings=\"{&quot;slides_to_show&quot;:&quot;1&quot;,&quot;autoplay_speed&quot;:400,&quot;speed&quot;:3000,&quot;navigation&quot;:&quot;both&quot;,&quot;autoplay&quot;:&quot;yes&quot;,&quot;pause_on_hover&quot;:&quot;yes&quot;,&quot;pause_on_interaction&quot;:&quot;yes&quot;,&quot;infinite&quot;:&quot;yes&quot;,&quot;effect&quot;:&quot;slide&quot;}\" data-widget_type=\"image-carousel.default\">\n\t\t\t\t<div class=\"elementor-widget-container\">\n\t\t\t\t\t\t\t<div class=\"elementor-image-carousel-wrapper swiper\" role=\"region\" aria-roledescription=\"carousel\" aria-label=\"Carrusel de im\u00e1genes\" dir=\"ltr\">\n\t\t\t<div class=\"elementor-image-carousel swiper-wrapper\" aria-live=\"off\">\n\t\t\t\t\t\t\t\t<div class=\"swiper-slide\" role=\"group\" aria-roledescription=\"slide\" aria-label=\"1 de 3\"><figure class=\"swiper-slide-inner\"><img decoding=\"async\" class=\"swiper-slide-image\" src=\"https:\/\/oil4vap.fr\/wp-content\/uploads\/2020\/09\/GAMA.jpg\" alt=\"GAMA\" \/><\/figure><\/div><div class=\"swiper-slide\" role=\"group\" aria-roledescription=\"slide\" aria-label=\"2 de 3\"><figure class=\"swiper-slide-inner\"><img decoding=\"async\" class=\"swiper-slide-image\" src=\"https:\/\/oil4vap.fr\/wp-content\/uploads\/2020\/09\/easy4vap-gama-completa-josufuenla-1.jpg\" alt=\"easy4vap gama completa josufuenla\" \/><\/figure><\/div><div class=\"swiper-slide\" role=\"group\" aria-roledescription=\"slide\" aria-label=\"3 de 3\"><figure class=\"swiper-slide-inner\"><img decoding=\"async\" class=\"swiper-slide-image\" src=\"https:\/\/oil4vap.fr\/wp-content\/uploads\/2020\/09\/gama-10ml-complejos-vapeboy-1.jpg\" alt=\"gama 10ml complejos vapeboy\" \/><\/figure><\/div>\t\t\t<\/div>\n\t\t\t\t\t\t\t\t\t\t\t\t<div class=\"elementor-swiper-button elementor-swiper-button-prev\" role=\"button\" tabindex=\"0\">\n\t\t\t\t\t\t<i aria-hidden=\"true\" class=\"eicon-chevron-left\"><\/i>\t\t\t\t\t<\/div>\n\t\t\t\t\t<div class=\"elementor-swiper-button elementor-swiper-button-next\" role=\"button\" tabindex=\"0\">\n\t\t\t\t\t\t<i aria-hidden=\"true\" class=\"eicon-chevron-right\"><\/i>\t\t\t\t\t<\/div>\n\t\t\t\t\n\t\t\t\t\t\t\t\t\t<div class=\"swiper-pagination\"><\/div>\n\t\t\t\t\t\t\t\t\t<\/div>\n\t\t\t\t\t\t<\/div>\n\t\t\t\t<\/div>\n\t\t\t\t\t<\/div>\n\t\t<\/div>\n\t\t\t\t\t<\/div>\n\t\t<\/section>\n\t\t\t\t<\/div>\n\t\t ","protected":false},"excerpt":{"rendered":"<p>EASY4VAP TRIADAS Si vous \u00eates amateur de boissons \u00e9nergisantes avec une touche diff\u00e9rente, c&#8217;est votre ar\u00f4me, un m\u00e9lange de liqueur aux herbes avec une boisson \u00e9nergisante et une touche de<\/p>\n<p class=\"more-link\"><a href=\"https:\/\/oil4vap.fr\/?page_id=600\" class=\"readmore\">Seguir leyendo<svg class=\"icon icon-arrow-right\" aria-hidden=\"true\" role=\"img\"> <use href=\"#icon-arrow-right\" xlink:href=\"#icon-arrow-right\"><\/use> <\/svg><span class=\"screen-reader-text\">GALERIE EASY4VAP<\/span><\/a><\/p>\n","protected":false},"author":1,"featured_media":0,"parent":604,"menu_order":0,"comment_status":"closed","ping_status":"closed","template":"elementor_header_footer","meta":{"footnotes":""},"class_list":["post-600","page","type-page","status-publish","hentry"],"_links":{"self":[{"href":"https:\/\/oil4vap.fr\/index.php?rest_route=\/wp\/v2\/pages\/600","targetHints":{"allow":["GET"]}}],"collection":[{"href":"https:\/\/oil4vap.fr\/index.php?rest_route=\/wp\/v2\/pages"}],"about":[{"href":"https:\/\/oil4vap.fr\/index.php?rest_route=\/wp\/v2\/types\/page"}],"author":[{"embeddable":true,"href":"https:\/\/oil4vap.fr\/index.php?rest_route=\/wp\/v2\/users\/1"}],"replies":[{"embeddable":true,"href":"https:\/\/oil4vap.fr\/index.php?rest_route=%2Fwp%2Fv2%2Fcomments&post=600"}],"version-history":[{"count":28,"href":"https:\/\/oil4vap.fr\/index.php?rest_route=\/wp\/v2\/pages\/600\/revisions"}],"predecessor-version":[{"id":1022,"href":"https:\/\/oil4vap.fr\/index.php?rest_route=\/wp\/v2\/pages\/600\/revisions\/1022"}],"up":[{"embeddable":true,"href":"https:\/\/oil4vap.fr\/index.php?rest_route=\/wp\/v2\/pages\/604"}],"wp:attachment":[{"href":"https:\/\/oil4vap.fr\/index.php?rest_route=%2Fwp%2Fv2%2Fmedia&parent=600"}],"curies":[{"name":"wp","href":"https:\/\/api.w.org\/{rel}","templated":true}]}}