{"id":928,"date":"2020-10-01T10:54:50","date_gmt":"2020-10-01T10:54:50","guid":{"rendered":"https:\/\/oil4vap.fr\/?page_id=928"},"modified":"2020-11-03T09:52:29","modified_gmt":"2020-11-03T09:52:29","slug":"galerie-liquides-100ml","status":"publish","type":"page","link":"https:\/\/oil4vap.fr\/?page_id=928","title":{"rendered":"GALERIE LIQUIDES 100ML"},"content":{"rendered":"\t\t<div data-elementor-type=\"wp-page\" data-elementor-id=\"928\" class=\"elementor elementor-928\">\n\t\t\t\t\t\t<section class=\"elementor-section elementor-top-section elementor-element elementor-element-18ca5e9 elementor-section-boxed elementor-section-height-default elementor-section-height-default\" data-id=\"18ca5e9\" data-element_type=\"section\" data-e-type=\"section\">\n\t\t\t\t\t\t<div class=\"elementor-container elementor-column-gap-default\">\n\t\t\t\t\t<div class=\"elementor-column elementor-col-100 elementor-top-column elementor-element elementor-element-2c31e76\" data-id=\"2c31e76\" data-element_type=\"column\" data-e-type=\"column\">\n\t\t\t<div class=\"elementor-widget-wrap elementor-element-populated\">\n\t\t\t\t\t\t<div class=\"elementor-element elementor-element-4476c8e elementor-widget elementor-widget-heading\" data-id=\"4476c8e\" data-element_type=\"widget\" data-e-type=\"widget\" data-widget_type=\"heading.default\">\n\t\t\t\t<div class=\"elementor-widget-container\">\n\t\t\t\t\t<h2 class=\"elementor-heading-title elementor-size-default\">GALERIE LIQUIDES 100ML<\/h2>\t\t\t\t<\/div>\n\t\t\t\t<\/div>\n\t\t\t\t\t<\/div>\n\t\t<\/div>\n\t\t\t\t\t<\/div>\n\t\t<\/section>\n\t\t\t\t<section class=\"elementor-section elementor-top-section elementor-element elementor-element-de68416 elementor-section-boxed elementor-section-height-default elementor-section-height-default\" data-id=\"de68416\" data-element_type=\"section\" data-e-type=\"section\">\n\t\t\t\t\t\t<div class=\"elementor-container elementor-column-gap-default\">\n\t\t\t\t\t<div class=\"elementor-column elementor-col-100 elementor-top-column elementor-element elementor-element-bf29d04\" data-id=\"bf29d04\" data-element_type=\"column\" data-e-type=\"column\">\n\t\t\t<div class=\"elementor-widget-wrap elementor-element-populated\">\n\t\t\t\t\t\t<div class=\"elementor-element elementor-element-829effc elementor-widget elementor-widget-spacer\" data-id=\"829effc\" data-element_type=\"widget\" data-e-type=\"widget\" data-widget_type=\"spacer.default\">\n\t\t\t\t<div class=\"elementor-widget-container\">\n\t\t\t\t\t\t\t<div class=\"elementor-spacer\">\n\t\t\t<div class=\"elementor-spacer-inner\"><\/div>\n\t\t<\/div>\n\t\t\t\t\t\t<\/div>\n\t\t\t\t<\/div>\n\t\t\t\t\t<\/div>\n\t\t<\/div>\n\t\t\t\t\t<\/div>\n\t\t<\/section>\n\t\t\t\t<section class=\"elementor-section elementor-top-section elementor-element elementor-element-c504be4 elementor-section-full_width elementor-section-height-full elementor-section-items-stretch elementor-section-stretched elementor-section-height-default\" data-id=\"c504be4\" data-element_type=\"section\" data-e-type=\"section\" data-settings=\"{&quot;stretch_section&quot;:&quot;section-stretched&quot;}\">\n\t\t\t\t\t\t<div class=\"elementor-container elementor-column-gap-default\">\n\t\t\t\t\t<div class=\"elementor-column elementor-col-33 elementor-top-column elementor-element elementor-element-b7432be\" data-id=\"b7432be\" data-element_type=\"column\" data-e-type=\"column\">\n\t\t\t<div class=\"elementor-widget-wrap elementor-element-populated\">\n\t\t\t\t\t\t<div class=\"elementor-element elementor-element-2222bdd elementor-invisible elementor-widget elementor-widget-heading\" data-id=\"2222bdd\" data-element_type=\"widget\" data-e-type=\"widget\" data-settings=\"{&quot;_animation&quot;:&quot;rotateIn&quot;}\" data-widget_type=\"heading.default\">\n\t\t\t\t<div class=\"elementor-widget-container\">\n\t\t\t\t\t<h2 class=\"elementor-heading-title elementor-size-default\">STRAWBERRY BUBBLE<\/h2>\t\t\t\t<\/div>\n\t\t\t\t<\/div>\n\t\t\t\t<div class=\"elementor-element elementor-element-fb0e83d elementor-widget elementor-widget-heading\" data-id=\"fb0e83d\" data-element_type=\"widget\" data-e-type=\"widget\" data-widget_type=\"heading.default\">\n\t\t\t\t<div class=\"elementor-widget-container\">\n\t\t\t\t\t<h2 class=\"elementor-heading-title elementor-size-default\">D\u00e9licieuse gomme de fraise, pr\u00e9par\u00e9e avec les meilleurs extraits naturels de fraise et avec une touche de douceur qui semblera une saveur incroyable.<br><br><\/h2>\t\t\t\t<\/div>\n\t\t\t\t<\/div>\n\t\t\t\t<div class=\"elementor-element elementor-element-16415a0 elementor-widget elementor-widget-image\" data-id=\"16415a0\" data-element_type=\"widget\" data-e-type=\"widget\" data-widget_type=\"image.default\">\n\t\t\t\t<div class=\"elementor-widget-container\">\n\t\t\t\t\t\t\t\t\t\t\t\t\t\t\t\t<a href=\"https:\/\/oil4vap.fr\/wp-content\/uploads\/2020\/09\/Render-STRAWBERRY-BUBBLE-Oil-4-Vap.png\" data-elementor-open-lightbox=\"yes\" data-elementor-lightbox-title=\"Render - STRAWBERRY BUBBLE - Oil 4 Vap\" data-e-action-hash=\"#elementor-action%3Aaction%3Dlightbox%26settings%3DeyJpZCI6OTA5LCJ1cmwiOiJodHRwczpcL1wvb2lsNHZhcC5mclwvd3AtY29udGVudFwvdXBsb2Fkc1wvMjAyMFwvMDlcL1JlbmRlci1TVFJBV0JFUlJZLUJVQkJMRS1PaWwtNC1WYXAucG5nIn0%3D\">\n\t\t\t\t\t\t\t<img fetchpriority=\"high\" decoding=\"async\" width=\"345\" height=\"936\" src=\"https:\/\/oil4vap.fr\/wp-content\/uploads\/2020\/09\/Render-STRAWBERRY-BUBBLE-Oil-4-Vap.png\" class=\"elementor-animation-buzz-out attachment-photofocus-portfolio size-photofocus-portfolio wp-image-909\" alt=\"\" srcset=\"https:\/\/oil4vap.fr\/wp-content\/uploads\/2020\/09\/Render-STRAWBERRY-BUBBLE-Oil-4-Vap.png 345w, https:\/\/oil4vap.fr\/wp-content\/uploads\/2020\/09\/Render-STRAWBERRY-BUBBLE-Oil-4-Vap-111x300.png 111w\" sizes=\"(max-width: 345px) 100vw, 345px\" \/>\t\t\t\t\t\t\t\t<\/a>\n\t\t\t\t\t\t\t\t\t\t\t\t\t\t\t<\/div>\n\t\t\t\t<\/div>\n\t\t\t\t\t<\/div>\n\t\t<\/div>\n\t\t\t\t<div class=\"elementor-column elementor-col-33 elementor-top-column elementor-element elementor-element-946cddc\" data-id=\"946cddc\" data-element_type=\"column\" data-e-type=\"column\">\n\t\t\t<div class=\"elementor-widget-wrap elementor-element-populated\">\n\t\t\t\t\t\t<div class=\"elementor-element elementor-element-77964f1 elementor-invisible elementor-widget elementor-widget-heading\" data-id=\"77964f1\" data-element_type=\"widget\" data-e-type=\"widget\" data-settings=\"{&quot;_animation&quot;:&quot;rotateIn&quot;}\" data-widget_type=\"heading.default\">\n\t\t\t\t<div class=\"elementor-widget-container\">\n\t\t\t\t\t<h2 class=\"elementor-heading-title elementor-size-default\">SAN FRANCISCO<\/h2>\t\t\t\t<\/div>\n\t\t\t\t<\/div>\n\t\t\t\t<div class=\"elementor-element elementor-element-8bf2f6c elementor-widget elementor-widget-heading\" data-id=\"8bf2f6c\" data-element_type=\"widget\" data-e-type=\"widget\" data-widget_type=\"heading.default\">\n\t\t\t\t<div class=\"elementor-widget-container\">\n\t\t\t\t\t<h2 class=\"elementor-heading-title elementor-size-default\">Une combinaison de Grenadine et de divers ar\u00f4mes de fruits, avec une touche de fra\u00eecheur, fera de ce cocktail une merveilleuse recette \u00e0 toujours avoir dans votre vaporisateur.<\/h2>\t\t\t\t<\/div>\n\t\t\t\t<\/div>\n\t\t\t\t<div class=\"elementor-element elementor-element-5abfe78 elementor-widget elementor-widget-image\" data-id=\"5abfe78\" data-element_type=\"widget\" data-e-type=\"widget\" data-widget_type=\"image.default\">\n\t\t\t\t<div class=\"elementor-widget-container\">\n\t\t\t\t\t\t\t\t\t\t\t\t\t\t\t\t<a href=\"https:\/\/oil4vap.fr\/wp-content\/uploads\/2020\/09\/RENDER-SAN-FRANCISCO-OIL-4-VAP.png\" data-elementor-open-lightbox=\"yes\" data-elementor-lightbox-title=\"RENDER SAN FRANCISCO - OIL 4 VAP\" data-e-action-hash=\"#elementor-action%3Aaction%3Dlightbox%26settings%3DeyJpZCI6OTEwLCJ1cmwiOiJodHRwczpcL1wvb2lsNHZhcC5mclwvd3AtY29udGVudFwvdXBsb2Fkc1wvMjAyMFwvMDlcL1JFTkRFUi1TQU4tRlJBTkNJU0NPLU9JTC00LVZBUC5wbmcifQ%3D%3D\">\n\t\t\t\t\t\t\t<img decoding=\"async\" width=\"345\" height=\"936\" src=\"https:\/\/oil4vap.fr\/wp-content\/uploads\/2020\/09\/RENDER-SAN-FRANCISCO-OIL-4-VAP.png\" class=\"elementor-animation-buzz-out attachment-photofocus-portfolio size-photofocus-portfolio wp-image-910\" alt=\"\" srcset=\"https:\/\/oil4vap.fr\/wp-content\/uploads\/2020\/09\/RENDER-SAN-FRANCISCO-OIL-4-VAP.png 345w, https:\/\/oil4vap.fr\/wp-content\/uploads\/2020\/09\/RENDER-SAN-FRANCISCO-OIL-4-VAP-111x300.png 111w\" sizes=\"(max-width: 345px) 100vw, 345px\" \/>\t\t\t\t\t\t\t\t<\/a>\n\t\t\t\t\t\t\t\t\t\t\t\t\t\t\t<\/div>\n\t\t\t\t<\/div>\n\t\t\t\t\t<\/div>\n\t\t<\/div>\n\t\t\t\t<div class=\"elementor-column elementor-col-33 elementor-top-column elementor-element elementor-element-c578ffc\" data-id=\"c578ffc\" data-element_type=\"column\" data-e-type=\"column\">\n\t\t\t<div class=\"elementor-widget-wrap elementor-element-populated\">\n\t\t\t\t\t\t<div class=\"elementor-element elementor-element-ef9cdb7 elementor-invisible elementor-widget elementor-widget-heading\" data-id=\"ef9cdb7\" data-element_type=\"widget\" data-e-type=\"widget\" data-settings=\"{&quot;_animation&quot;:&quot;rotateIn&quot;}\" data-widget_type=\"heading.default\">\n\t\t\t\t<div class=\"elementor-widget-container\">\n\t\t\t\t\t<h2 class=\"elementor-heading-title elementor-size-default\">EXOTIC<\/h2>\t\t\t\t<\/div>\n\t\t\t\t<\/div>\n\t\t\t\t<div class=\"elementor-element elementor-element-3f1b65d elementor-widget elementor-widget-heading\" data-id=\"3f1b65d\" data-element_type=\"widget\" data-e-type=\"widget\" data-widget_type=\"heading.default\">\n\t\t\t\t<div class=\"elementor-widget-container\">\n\t\t\t\t\t<h2 class=\"elementor-heading-title elementor-size-default\">La combinaison parfaite des meilleures bananes des \u00eeles les plus exotiques avec les mangues les plus sauvages de la jungle tropicale, fera de ce liquide une explosion fruit\u00e9e sur votre palais.<\/h2>\t\t\t\t<\/div>\n\t\t\t\t<\/div>\n\t\t\t\t<div class=\"elementor-element elementor-element-6574f9c elementor-widget elementor-widget-image\" data-id=\"6574f9c\" data-element_type=\"widget\" data-e-type=\"widget\" data-widget_type=\"image.default\">\n\t\t\t\t<div class=\"elementor-widget-container\">\n\t\t\t\t\t\t\t\t\t\t\t\t\t\t\t\t<a href=\"https:\/\/oil4vap.fr\/wp-content\/uploads\/2020\/09\/EXOTIC.png\" data-elementor-open-lightbox=\"yes\" data-elementor-lightbox-title=\"EXOTIC\" data-e-action-hash=\"#elementor-action%3Aaction%3Dlightbox%26settings%3DeyJpZCI6OTEyLCJ1cmwiOiJodHRwczpcL1wvb2lsNHZhcC5mclwvd3AtY29udGVudFwvdXBsb2Fkc1wvMjAyMFwvMDlcL0VYT1RJQy5wbmcifQ%3D%3D\">\n\t\t\t\t\t\t\t<img decoding=\"async\" width=\"345\" height=\"936\" src=\"https:\/\/oil4vap.fr\/wp-content\/uploads\/2020\/09\/EXOTIC.png\" class=\"elementor-animation-buzz-out attachment-photofocus-portfolio size-photofocus-portfolio wp-image-912\" alt=\"\" srcset=\"https:\/\/oil4vap.fr\/wp-content\/uploads\/2020\/09\/EXOTIC.png 345w, https:\/\/oil4vap.fr\/wp-content\/uploads\/2020\/09\/EXOTIC-111x300.png 111w\" sizes=\"(max-width: 345px) 100vw, 345px\" \/>\t\t\t\t\t\t\t\t<\/a>\n\t\t\t\t\t\t\t\t\t\t\t\t\t\t\t<\/div>\n\t\t\t\t<\/div>\n\t\t\t\t\t<\/div>\n\t\t<\/div>\n\t\t\t\t\t<\/div>\n\t\t<\/section>\n\t\t\t\t<section class=\"elementor-section elementor-top-section elementor-element elementor-element-594ec11 elementor-section-boxed elementor-section-height-default elementor-section-height-default\" data-id=\"594ec11\" data-element_type=\"section\" data-e-type=\"section\">\n\t\t\t\t\t\t<div class=\"elementor-container elementor-column-gap-default\">\n\t\t\t\t\t<div class=\"elementor-column elementor-col-100 elementor-top-column elementor-element elementor-element-dc47c4f\" data-id=\"dc47c4f\" data-element_type=\"column\" data-e-type=\"column\">\n\t\t\t<div class=\"elementor-widget-wrap elementor-element-populated\">\n\t\t\t\t\t\t<div class=\"elementor-element elementor-element-e05d7cc elementor-widget elementor-widget-spacer\" data-id=\"e05d7cc\" data-element_type=\"widget\" data-e-type=\"widget\" data-widget_type=\"spacer.default\">\n\t\t\t\t<div class=\"elementor-widget-container\">\n\t\t\t\t\t\t\t<div class=\"elementor-spacer\">\n\t\t\t<div class=\"elementor-spacer-inner\"><\/div>\n\t\t<\/div>\n\t\t\t\t\t\t<\/div>\n\t\t\t\t<\/div>\n\t\t\t\t\t<\/div>\n\t\t<\/div>\n\t\t\t\t\t<\/div>\n\t\t<\/section>\n\t\t\t\t<\/div>\n\t\t ","protected":false},"excerpt":{"rendered":"<p>GALERIE LIQUIDES 100ML STRAWBERRY BUBBLE D\u00e9licieuse gomme de fraise, pr\u00e9par\u00e9e avec les meilleurs extraits naturels de fraise et avec une touche de douceur qui semblera une saveur incroyable. SAN FRANCISCO<\/p>\n<p class=\"more-link\"><a href=\"https:\/\/oil4vap.fr\/?page_id=928\" class=\"readmore\">Seguir leyendo<svg class=\"icon icon-arrow-right\" aria-hidden=\"true\" role=\"img\"> <use href=\"#icon-arrow-right\" xlink:href=\"#icon-arrow-right\"><\/use> <\/svg><span class=\"screen-reader-text\">GALERIE LIQUIDES 100ML<\/span><\/a><\/p>\n","protected":false},"author":1,"featured_media":0,"parent":604,"menu_order":0,"comment_status":"closed","ping_status":"closed","template":"elementor_header_footer","meta":{"footnotes":""},"class_list":["post-928","page","type-page","status-publish","hentry"],"_links":{"self":[{"href":"https:\/\/oil4vap.fr\/index.php?rest_route=\/wp\/v2\/pages\/928","targetHints":{"allow":["GET"]}}],"collection":[{"href":"https:\/\/oil4vap.fr\/index.php?rest_route=\/wp\/v2\/pages"}],"about":[{"href":"https:\/\/oil4vap.fr\/index.php?rest_route=\/wp\/v2\/types\/page"}],"author":[{"embeddable":true,"href":"https:\/\/oil4vap.fr\/index.php?rest_route=\/wp\/v2\/users\/1"}],"replies":[{"embeddable":true,"href":"https:\/\/oil4vap.fr\/index.php?rest_route=%2Fwp%2Fv2%2Fcomments&post=928"}],"version-history":[{"count":17,"href":"https:\/\/oil4vap.fr\/index.php?rest_route=\/wp\/v2\/pages\/928\/revisions"}],"predecessor-version":[{"id":1024,"href":"https:\/\/oil4vap.fr\/index.php?rest_route=\/wp\/v2\/pages\/928\/revisions\/1024"}],"up":[{"embeddable":true,"href":"https:\/\/oil4vap.fr\/index.php?rest_route=\/wp\/v2\/pages\/604"}],"wp:attachment":[{"href":"https:\/\/oil4vap.fr\/index.php?rest_route=%2Fwp%2Fv2%2Fmedia&parent=928"}],"curies":[{"name":"wp","href":"https:\/\/api.w.org\/{rel}","templated":true}]}}