{"id":945,"date":"2020-10-02T07:57:08","date_gmt":"2020-10-02T07:57:08","guid":{"rendered":"https:\/\/oil4vap.fr\/?page_id=945"},"modified":"2020-11-03T09:53:02","modified_gmt":"2020-11-03T09:53:02","slug":"galerie-liquides-60ml","status":"publish","type":"page","link":"https:\/\/oil4vap.fr\/?page_id=945","title":{"rendered":"GALERIE LIQUIDES 60ML"},"content":{"rendered":"\t\t<div data-elementor-type=\"wp-page\" data-elementor-id=\"945\" class=\"elementor elementor-945\">\n\t\t\t\t\t\t<section class=\"elementor-section elementor-top-section elementor-element elementor-element-849c351 elementor-section-boxed elementor-section-height-default elementor-section-height-default\" data-id=\"849c351\" data-element_type=\"section\" data-e-type=\"section\">\n\t\t\t\t\t\t<div class=\"elementor-container elementor-column-gap-default\">\n\t\t\t\t\t<div class=\"elementor-column elementor-col-100 elementor-top-column elementor-element elementor-element-02d7e7e\" data-id=\"02d7e7e\" data-element_type=\"column\" data-e-type=\"column\">\n\t\t\t<div class=\"elementor-widget-wrap elementor-element-populated\">\n\t\t\t\t\t\t<div class=\"elementor-element elementor-element-a027fa4 elementor-widget elementor-widget-heading\" data-id=\"a027fa4\" data-element_type=\"widget\" data-e-type=\"widget\" data-widget_type=\"heading.default\">\n\t\t\t\t<div class=\"elementor-widget-container\">\n\t\t\t\t\t<h2 class=\"elementor-heading-title elementor-size-default\">E-LIQUIDES 60ML<br><br><\/h2>\t\t\t\t<\/div>\n\t\t\t\t<\/div>\n\t\t\t\t\t<\/div>\n\t\t<\/div>\n\t\t\t\t\t<\/div>\n\t\t<\/section>\n\t\t\t\t<section class=\"elementor-section elementor-top-section elementor-element elementor-element-26acef2 elementor-section-full_width elementor-section-height-full elementor-section-items-stretch elementor-section-stretched elementor-section-height-default\" data-id=\"26acef2\" data-element_type=\"section\" data-e-type=\"section\" data-settings=\"{&quot;stretch_section&quot;:&quot;section-stretched&quot;}\">\n\t\t\t\t\t\t<div class=\"elementor-container elementor-column-gap-default\">\n\t\t\t\t\t<div class=\"elementor-column elementor-col-33 elementor-top-column elementor-element elementor-element-22d31ad\" data-id=\"22d31ad\" data-element_type=\"column\" data-e-type=\"column\">\n\t\t\t<div class=\"elementor-widget-wrap elementor-element-populated\">\n\t\t\t\t\t\t<div class=\"elementor-element elementor-element-09ae64d elementor-invisible elementor-widget elementor-widget-heading\" data-id=\"09ae64d\" data-element_type=\"widget\" data-e-type=\"widget\" data-settings=\"{&quot;_animation&quot;:&quot;rubberBand&quot;}\" data-widget_type=\"heading.default\">\n\t\t\t\t<div class=\"elementor-widget-container\">\n\t\t\t\t\t<h2 class=\"elementor-heading-title elementor-size-default\">NOTRE TABAC<\/h2>\t\t\t\t<\/div>\n\t\t\t\t<\/div>\n\t\t\t\t<div class=\"elementor-element elementor-element-db719e3 elementor-widget elementor-widget-heading\" data-id=\"db719e3\" data-element_type=\"widget\" data-e-type=\"widget\" data-widget_type=\"heading.default\">\n\t\t\t\t<div class=\"elementor-widget-container\">\n\t\t\t\t\t<h2 class=\"elementor-heading-title elementor-size-default\">\n- CINQ \u00c9TOILES: Toute la saveur de la feuille de tabac avec de subtiles nuances de bois, de caramel et de r\u00e9glisse. <br> <br> -VIRGINIE: De subtiles touches de bois et de vanille, parfaitement \u00e9quilibr\u00e9es, presque imperceptibles. <br> <br> -GRANADA: Eliquid tabaquil, qui bien qu'il ait une touche sucr\u00e9e \u00e0 la fin, est le tabac le plus \"dur\" lors du vapotage.<\/h2>\t\t\t\t<\/div>\n\t\t\t\t<\/div>\n\t\t\t\t<div class=\"elementor-element elementor-element-a38ebc3 elementor-widget elementor-widget-image\" data-id=\"a38ebc3\" data-element_type=\"widget\" data-e-type=\"widget\" data-widget_type=\"image.default\">\n\t\t\t\t<div class=\"elementor-widget-container\">\n\t\t\t\t\t\t\t\t\t\t\t\t\t\t\t\t<a href=\"https:\/\/oil4vap.fr\/wp-content\/uploads\/2020\/10\/tabaquiles-png.png\" data-elementor-open-lightbox=\"yes\" data-elementor-lightbox-title=\"tabaquiles png\" data-e-action-hash=\"#elementor-action%3Aaction%3Dlightbox%26settings%3DeyJpZCI6OTYzLCJ1cmwiOiJodHRwczpcL1wvb2lsNHZhcC5mclwvd3AtY29udGVudFwvdXBsb2Fkc1wvMjAyMFwvMTBcL3RhYmFxdWlsZXMtcG5nLnBuZyJ9\">\n\t\t\t\t\t\t\t<img fetchpriority=\"high\" decoding=\"async\" width=\"1920\" height=\"1080\" src=\"https:\/\/oil4vap.fr\/wp-content\/uploads\/2020\/10\/tabaquiles-png.png\" class=\"elementor-animation-float attachment-photofocus-portfolio size-photofocus-portfolio wp-image-963\" alt=\"\" srcset=\"https:\/\/oil4vap.fr\/wp-content\/uploads\/2020\/10\/tabaquiles-png.png 1920w, https:\/\/oil4vap.fr\/wp-content\/uploads\/2020\/10\/tabaquiles-png-300x169.png 300w, https:\/\/oil4vap.fr\/wp-content\/uploads\/2020\/10\/tabaquiles-png-1024x576.png 1024w, https:\/\/oil4vap.fr\/wp-content\/uploads\/2020\/10\/tabaquiles-png-768x432.png 768w, https:\/\/oil4vap.fr\/wp-content\/uploads\/2020\/10\/tabaquiles-png-1536x864.png 1536w\" sizes=\"(max-width: 1920px) 100vw, 1920px\" \/>\t\t\t\t\t\t\t\t<\/a>\n\t\t\t\t\t\t\t\t\t\t\t\t\t\t\t<\/div>\n\t\t\t\t<\/div>\n\t\t\t\t\t<\/div>\n\t\t<\/div>\n\t\t\t\t<div class=\"elementor-column elementor-col-33 elementor-top-column elementor-element elementor-element-22238b8\" data-id=\"22238b8\" data-element_type=\"column\" data-e-type=\"column\">\n\t\t\t<div class=\"elementor-widget-wrap elementor-element-populated\">\n\t\t\t\t\t\t<div class=\"elementor-element elementor-element-8b4f740 elementor-invisible elementor-widget elementor-widget-heading\" data-id=\"8b4f740\" data-element_type=\"widget\" data-e-type=\"widget\" data-settings=\"{&quot;_animation&quot;:&quot;rubberBand&quot;}\" data-widget_type=\"heading.default\">\n\t\t\t\t<div class=\"elementor-widget-container\">\n\t\t\t\t\t<h2 class=\"elementor-heading-title elementor-size-default\">BUBBLE JAK<\/h2>\t\t\t\t<\/div>\n\t\t\t\t<\/div>\n\t\t\t\t<div class=\"elementor-element elementor-element-bb09b7e elementor-widget elementor-widget-heading\" data-id=\"bb09b7e\" data-element_type=\"widget\" data-e-type=\"widget\" data-widget_type=\"heading.default\">\n\t\t\t\t<div class=\"elementor-widget-container\">\n\t\t\t\t\t<h2 class=\"elementor-heading-title elementor-size-default\">La saveur inoubliable qui a marqu\u00e9 les g\u00e9n\u00e9rations et qui nous a accompagn\u00e9s les apr\u00e8s-midi de jeux, elle peut d\u00e9sormais vous accompagner dans vos atomiseurs pr\u00e9f\u00e9r\u00e9s.<\/h2>\t\t\t\t<\/div>\n\t\t\t\t<\/div>\n\t\t\t\t<div class=\"elementor-element elementor-element-7013cea elementor-widget elementor-widget-image\" data-id=\"7013cea\" data-element_type=\"widget\" data-e-type=\"widget\" data-widget_type=\"image.default\">\n\t\t\t\t<div class=\"elementor-widget-container\">\n\t\t\t\t\t\t\t\t\t\t\t\t\t\t\t\t<a href=\"https:\/\/oil4vap.fr\/wp-content\/uploads\/2020\/09\/BUBBLE-JAK-e1601464507652.png\" data-elementor-open-lightbox=\"yes\" data-elementor-lightbox-title=\"BUBBLE JAK\" data-e-action-hash=\"#elementor-action%3Aaction%3Dlightbox%26settings%3DeyJpZCI6OTE2LCJ1cmwiOiJodHRwczpcL1wvb2lsNHZhcC5mclwvd3AtY29udGVudFwvdXBsb2Fkc1wvMjAyMFwvMDlcL0JVQkJMRS1KQUstZTE2MDE0NjQ1MDc2NTIucG5nIn0%3D\">\n\t\t\t\t\t\t\t<img decoding=\"async\" width=\"1920\" height=\"2084\" src=\"https:\/\/oil4vap.fr\/wp-content\/uploads\/2020\/09\/BUBBLE-JAK-1920x2084.png\" class=\"elementor-animation-float attachment-photofocus-portfolio size-photofocus-portfolio wp-image-916\" alt=\"\" \/>\t\t\t\t\t\t\t\t<\/a>\n\t\t\t\t\t\t\t\t\t\t\t\t\t\t\t<\/div>\n\t\t\t\t<\/div>\n\t\t\t\t\t<\/div>\n\t\t<\/div>\n\t\t\t\t<div class=\"elementor-column elementor-col-33 elementor-top-column elementor-element elementor-element-9654106\" data-id=\"9654106\" data-element_type=\"column\" data-e-type=\"column\">\n\t\t\t<div class=\"elementor-widget-wrap elementor-element-populated\">\n\t\t\t\t\t\t<div class=\"elementor-element elementor-element-71435b0 elementor-invisible elementor-widget elementor-widget-heading\" data-id=\"71435b0\" data-element_type=\"widget\" data-e-type=\"widget\" data-settings=\"{&quot;_animation&quot;:&quot;rubberBand&quot;}\" data-widget_type=\"heading.default\">\n\t\t\t\t<div class=\"elementor-widget-container\">\n\t\t\t\t\t<h2 class=\"elementor-heading-title elementor-size-default\">FRESH MANGO<\/h2>\t\t\t\t<\/div>\n\t\t\t\t<\/div>\n\t\t\t\t<div class=\"elementor-element elementor-element-360caf2 elementor-widget elementor-widget-heading\" data-id=\"360caf2\" data-element_type=\"widget\" data-e-type=\"widget\" data-widget_type=\"heading.default\">\n\t\t\t\t<div class=\"elementor-widget-container\">\n\t\t\t\t\t<h2 class=\"elementor-heading-title elementor-size-default\">Mangue m\u00fbre, douce et avec une touche de fra\u00eecheur <br> <br> <br><\/h2>\t\t\t\t<\/div>\n\t\t\t\t<\/div>\n\t\t\t\t<div class=\"elementor-element elementor-element-a1f8228 elementor-widget elementor-widget-image\" data-id=\"a1f8228\" data-element_type=\"widget\" data-e-type=\"widget\" data-widget_type=\"image.default\">\n\t\t\t\t<div class=\"elementor-widget-container\">\n\t\t\t\t\t\t\t\t\t\t\t\t\t\t\t\t<a href=\"https:\/\/oil4vap.fr\/wp-content\/uploads\/2020\/10\/Render-FRESH-MANGO-60-ml-Oil-4-Vap.png\" data-elementor-open-lightbox=\"yes\" data-elementor-lightbox-title=\"Render FRESH MANGO 60 ml - Oil 4 Vap\" data-e-action-hash=\"#elementor-action%3Aaction%3Dlightbox%26settings%3DeyJpZCI6OTU2LCJ1cmwiOiJodHRwczpcL1wvb2lsNHZhcC5mclwvd3AtY29udGVudFwvdXBsb2Fkc1wvMjAyMFwvMTBcL1JlbmRlci1GUkVTSC1NQU5HTy02MC1tbC1PaWwtNC1WYXAtZTE2MDE2MjgzMzY2NDQucG5nIn0%3D\">\n\t\t\t\t\t\t\t<img decoding=\"async\" width=\"300\" height=\"936\" src=\"https:\/\/oil4vap.fr\/wp-content\/uploads\/2020\/10\/Render-FRESH-MANGO-60-ml-Oil-4-Vap-e1601628336644.png\" class=\"elementor-animation-float attachment-photofocus-portfolio size-photofocus-portfolio wp-image-956\" alt=\"\" \/>\t\t\t\t\t\t\t\t<\/a>\n\t\t\t\t\t\t\t\t\t\t\t\t\t\t\t<\/div>\n\t\t\t\t<\/div>\n\t\t\t\t\t<\/div>\n\t\t<\/div>\n\t\t\t\t\t<\/div>\n\t\t<\/section>\n\t\t\t\t<\/div>\n\t\t ","protected":false},"excerpt":{"rendered":"<p>E-LIQUIDES 60ML NOTRE TABAC &#8211; CINQ \u00c9TOILES: Toute la saveur de la feuille de tabac avec de subtiles nuances de bois, de caramel et de r\u00e9glisse. -VIRGINIE: De subtiles touches<\/p>\n<p class=\"more-link\"><a href=\"https:\/\/oil4vap.fr\/?page_id=945\" class=\"readmore\">Seguir leyendo<svg class=\"icon icon-arrow-right\" aria-hidden=\"true\" role=\"img\"> <use href=\"#icon-arrow-right\" xlink:href=\"#icon-arrow-right\"><\/use> <\/svg><span class=\"screen-reader-text\">GALERIE LIQUIDES 60ML<\/span><\/a><\/p>\n","protected":false},"author":1,"featured_media":0,"parent":604,"menu_order":0,"comment_status":"closed","ping_status":"closed","template":"elementor_header_footer","meta":{"footnotes":""},"class_list":["post-945","page","type-page","status-publish","hentry"],"_links":{"self":[{"href":"https:\/\/oil4vap.fr\/index.php?rest_route=\/wp\/v2\/pages\/945","targetHints":{"allow":["GET"]}}],"collection":[{"href":"https:\/\/oil4vap.fr\/index.php?rest_route=\/wp\/v2\/pages"}],"about":[{"href":"https:\/\/oil4vap.fr\/index.php?rest_route=\/wp\/v2\/types\/page"}],"author":[{"embeddable":true,"href":"https:\/\/oil4vap.fr\/index.php?rest_route=\/wp\/v2\/users\/1"}],"replies":[{"embeddable":true,"href":"https:\/\/oil4vap.fr\/index.php?rest_route=%2Fwp%2Fv2%2Fcomments&post=945"}],"version-history":[{"count":21,"href":"https:\/\/oil4vap.fr\/index.php?rest_route=\/wp\/v2\/pages\/945\/revisions"}],"predecessor-version":[{"id":1049,"href":"https:\/\/oil4vap.fr\/index.php?rest_route=\/wp\/v2\/pages\/945\/revisions\/1049"}],"up":[{"embeddable":true,"href":"https:\/\/oil4vap.fr\/index.php?rest_route=\/wp\/v2\/pages\/604"}],"wp:attachment":[{"href":"https:\/\/oil4vap.fr\/index.php?rest_route=%2Fwp%2Fv2%2Fmedia&parent=945"}],"curies":[{"name":"wp","href":"https:\/\/api.w.org\/{rel}","templated":true}]}}